{"id":61,"date":"2021-01-20T07:47:43","date_gmt":"2021-01-20T06:47:43","guid":{"rendered":"http:\/\/conseilcitoyen-koenigshoffen-est.fr\/?page_id=61"},"modified":"2022-06-06T21:27:29","modified_gmt":"2022-06-06T19:27:29","slug":"actualites","status":"publish","type":"page","link":"https:\/\/conseilcitoyen-koenigshoffen-est.fr\/?page_id=61","title":{"rendered":"Actualit\u00e9s"},"content":{"rendered":"\n<h2>R\u00e9union d&rsquo;informations \u00ab\u00a0Maison des projets\u00a0\u00bb<\/h2>\n\n\n\n<p><\/p>\n\n\n\n<figure class=\"wp-block-image size-full\"><img loading=\"lazy\" width=\"830\" height=\"400\" src=\"http:\/\/conseilcitoyen-koenigshoffen-est.fr\/wp-content\/uploads\/2022\/06\/parc-Gruber.jpg\" alt=\"\" class=\"wp-image-166\" srcset=\"https:\/\/conseilcitoyen-koenigshoffen-est.fr\/wp-content\/uploads\/2022\/06\/parc-Gruber.jpg 830w, https:\/\/conseilcitoyen-koenigshoffen-est.fr\/wp-content\/uploads\/2022\/06\/parc-Gruber-300x145.jpg 300w, https:\/\/conseilcitoyen-koenigshoffen-est.fr\/wp-content\/uploads\/2022\/06\/parc-Gruber-768x370.jpg 768w\" sizes=\"(max-width: 830px) 100vw, 830px\" \/><\/figure>\n\n\n\n<p>La maison des projets de Koenigshoffen ouvrira ses portes au public \u00e0 la rentr\u00e9e 2022. La direction de territoire organise une pr\u00e9sentation de ce projet, dans le b\u00e2timent, au 91 route des Romains, jeudi 9 juin \u00e0 18h.<\/p>\n\n\n\n<hr class=\"wp-block-separator\"\/>\n\n\n\n<h2>Grande f\u00eate de la Saint Glinglin les 11 et 12 juin<\/h2>\n\n\n\n<p>Une f\u00eate pour rattaper toutes celles qui n&rsquo;ont pas pu se faire ces 2 derni\u00e8res ann\u00e9es, c&rsquo;est la Saint Glinglin.<br>Toutes les infos  sur <a href=\"https:\/\/parenchantement.org\/fete-st-glinglin-a-koenigshoffen\">le site de Par Enchantement<\/a><\/p>\n\n\n\n<figure class=\"wp-block-image size-full\"><img loading=\"lazy\" width=\"495\" height=\"700\" src=\"https:\/\/conseilcitoyen-koenigshoffen-est.fr\/wp-content\/uploads\/2022\/06\/Affiche-Fete-ST-GLINGLIN-11-12-juin-2022-strasbourg-koenigshoffen.jpg\" alt=\"\" class=\"wp-image-168\" srcset=\"https:\/\/conseilcitoyen-koenigshoffen-est.fr\/wp-content\/uploads\/2022\/06\/Affiche-Fete-ST-GLINGLIN-11-12-juin-2022-strasbourg-koenigshoffen.jpg 495w, https:\/\/conseilcitoyen-koenigshoffen-est.fr\/wp-content\/uploads\/2022\/06\/Affiche-Fete-ST-GLINGLIN-11-12-juin-2022-strasbourg-koenigshoffen-212x300.jpg 212w\" sizes=\"(max-width: 495px) 100vw, 495px\" \/><figcaption>F\u00eate de la Saint Glinglin<\/figcaption><\/figure>\n","protected":false},"excerpt":{"rendered":"<p>R\u00e9union d&rsquo;informations \u00ab\u00a0Maison des projets\u00a0\u00bb La maison des projets de Koenigshoffen ouvrira ses portes au public \u00e0 la rentr\u00e9e 2022. La direction de territoire organise une pr\u00e9sentation de ce projet, dans le b\u00e2timent, au 91 route des Romains, jeudi 9 juin \u00e0 18h. Grande f\u00eate de la Saint Glinglin les 11 et 12 juin Une [&hellip;]<\/p>\n","protected":false},"author":1,"featured_media":0,"parent":0,"menu_order":0,"comment_status":"closed","ping_status":"closed","template":"","meta":[],"_links":{"self":[{"href":"https:\/\/conseilcitoyen-koenigshoffen-est.fr\/index.php?rest_route=\/wp\/v2\/pages\/61"}],"collection":[{"href":"https:\/\/conseilcitoyen-koenigshoffen-est.fr\/index.php?rest_route=\/wp\/v2\/pages"}],"about":[{"href":"https:\/\/conseilcitoyen-koenigshoffen-est.fr\/index.php?rest_route=\/wp\/v2\/types\/page"}],"author":[{"embeddable":true,"href":"https:\/\/conseilcitoyen-koenigshoffen-est.fr\/index.php?rest_route=\/wp\/v2\/users\/1"}],"replies":[{"embeddable":true,"href":"https:\/\/conseilcitoyen-koenigshoffen-est.fr\/index.php?rest_route=%2Fwp%2Fv2%2Fcomments&post=61"}],"version-history":[{"count":11,"href":"https:\/\/conseilcitoyen-koenigshoffen-est.fr\/index.php?rest_route=\/wp\/v2\/pages\/61\/revisions"}],"predecessor-version":[{"id":172,"href":"https:\/\/conseilcitoyen-koenigshoffen-est.fr\/index.php?rest_route=\/wp\/v2\/pages\/61\/revisions\/172"}],"wp:attachment":[{"href":"https:\/\/conseilcitoyen-koenigshoffen-est.fr\/index.php?rest_route=%2Fwp%2Fv2%2Fmedia&parent=61"}],"curies":[{"name":"wp","href":"https:\/\/api.w.org\/{rel}","templated":true}]}}