{"id":6,"date":"2020-05-22T14:51:39","date_gmt":"2020-05-22T12:51:39","guid":{"rendered":"http:\/\/conseilcitoyen-koenigshoffen-est.fr\/?page_id=6"},"modified":"2022-06-06T21:44:19","modified_gmt":"2022-06-06T19:44:19","slug":"le-conseil-citoyen-de-koenigshoffen-est","status":"publish","type":"page","link":"https:\/\/conseilcitoyen-koenigshoffen-est.fr\/","title":{"rendered":"Pr\u00e9sentation"},"content":{"rendered":"\n<figure class=\"wp-block-embed aligncenter is-type-video is-provider-dailymotion wp-block-embed-dailymotion\"><div class=\"wp-block-embed__wrapper\">\n<iframe loading=\"lazy\" title=\"Les Conseils Citoyens, qu&#039;est-ce que c&#039;est ?\" frameborder=\"0\" width=\"580\" height=\"326\" src=\"https:\/\/www.dailymotion.com\/embed\/video\/x2w6e4i?pubtool=oembed\" allowfullscreen allow=\"autoplay\"><\/iframe>\n<\/div><\/figure>\n\n\n\n<p><\/p>\n\n\n\n<p>Le Conseil Citoyen de Koenigshoffen-Est est une instance de participation citoyenne instaur\u00e9e par la loi de programmation pour la ville et la coh\u00e9sion urbaine du 24 f\u00e9vrier 2014. C&rsquo;est une structure  ind\u00e9pendante du pouvoir politique, compos\u00e9e d\u2019habitants du quartier qui souhaitent s&rsquo;impliquer pour am\u00e9liorer le cadre de vie de tous. Pour cela, le Conseil se veut  apolitique, neutre et la\u00efc. Il encourage la participation citoyenne de tous dans un esprit de proximit\u00e9.<\/p>\n","protected":false},"excerpt":{"rendered":"<p>Le Conseil Citoyen de Koenigshoffen-Est est une instance de participation citoyenne instaur\u00e9e par la loi de programmation pour la ville et la coh\u00e9sion urbaine du 24 f\u00e9vrier 2014. C&rsquo;est une structure ind\u00e9pendante du pouvoir politique, compos\u00e9e d\u2019habitants du quartier qui souhaitent s&rsquo;impliquer pour am\u00e9liorer le cadre de vie de tous. Pour cela, le Conseil se [&hellip;]<\/p>\n","protected":false},"author":1,"featured_media":0,"parent":0,"menu_order":0,"comment_status":"closed","ping_status":"closed","template":"","meta":[],"_links":{"self":[{"href":"https:\/\/conseilcitoyen-koenigshoffen-est.fr\/index.php?rest_route=\/wp\/v2\/pages\/6"}],"collection":[{"href":"https:\/\/conseilcitoyen-koenigshoffen-est.fr\/index.php?rest_route=\/wp\/v2\/pages"}],"about":[{"href":"https:\/\/conseilcitoyen-koenigshoffen-est.fr\/index.php?rest_route=\/wp\/v2\/types\/page"}],"author":[{"embeddable":true,"href":"https:\/\/conseilcitoyen-koenigshoffen-est.fr\/index.php?rest_route=\/wp\/v2\/users\/1"}],"replies":[{"embeddable":true,"href":"https:\/\/conseilcitoyen-koenigshoffen-est.fr\/index.php?rest_route=%2Fwp%2Fv2%2Fcomments&post=6"}],"version-history":[{"count":9,"href":"https:\/\/conseilcitoyen-koenigshoffen-est.fr\/index.php?rest_route=\/wp\/v2\/pages\/6\/revisions"}],"predecessor-version":[{"id":174,"href":"https:\/\/conseilcitoyen-koenigshoffen-est.fr\/index.php?rest_route=\/wp\/v2\/pages\/6\/revisions\/174"}],"wp:attachment":[{"href":"https:\/\/conseilcitoyen-koenigshoffen-est.fr\/index.php?rest_route=%2Fwp%2Fv2%2Fmedia&parent=6"}],"curies":[{"name":"wp","href":"https:\/\/api.w.org\/{rel}","templated":true}]}}