{"id":34,"date":"2020-05-22T14:54:37","date_gmt":"2020-05-22T12:54:37","guid":{"rendered":"http:\/\/conseilcitoyen-koenigshoffen-est.fr\/?page_id=34"},"modified":"2022-01-29T16:22:27","modified_gmt":"2022-01-29T15:22:27","slug":"actions-menees","status":"publish","type":"page","link":"https:\/\/conseilcitoyen-koenigshoffen-est.fr\/?page_id=34","title":{"rendered":"Actions men\u00e9es"},"content":{"rendered":"\n<p>Vous pouvez consulter ici les compte-rendus des principales r\u00e9unions du Conseil Citoyen, et ainsi d\u00e9couvrir nos actions.<\/p>\n\n\n\n<p><\/p>\n\n\n\n<p><a href=\"http:\/\/conseilcitoyen-koenigshoffen-est.fr\/wp-content\/uploads\/2022\/01\/CR-19-11-21.pdf\">Conseil citoyen du 19 novembre 2021<\/a><br><\/p>\n\n\n\n<figure class=\"wp-block-image size-large\"><img loading=\"lazy\" width=\"1024\" height=\"768\" src=\"https:\/\/conseilcitoyen-koenigshoffen-est.fr\/wp-content\/uploads\/2022\/01\/19-11-Schloesse-mini-1-1024x768.jpg\" alt=\"\" class=\"wp-image-156\" srcset=\"https:\/\/conseilcitoyen-koenigshoffen-est.fr\/wp-content\/uploads\/2022\/01\/19-11-Schloesse-mini-1-1024x768.jpg 1024w, https:\/\/conseilcitoyen-koenigshoffen-est.fr\/wp-content\/uploads\/2022\/01\/19-11-Schloesse-mini-1-300x225.jpg 300w, https:\/\/conseilcitoyen-koenigshoffen-est.fr\/wp-content\/uploads\/2022\/01\/19-11-Schloesse-mini-1-768x576.jpg 768w, https:\/\/conseilcitoyen-koenigshoffen-est.fr\/wp-content\/uploads\/2022\/01\/19-11-Schloesse-mini-1.jpg 1106w\" sizes=\"(max-width: 1024px) 100vw, 1024px\" \/><\/figure>\n\n\n\n<hr class=\"wp-block-separator\"\/>\n\n\n\n<p><\/p>\n\n\n\n<p><a href=\"http:\/\/conseilcitoyen-koenigshoffen-est.fr\/wp-content\/uploads\/2021\/03\/C-R-06_03.pdf\">Conseil citoyen du 06 mars 2021<\/a><br><\/p>\n\n\n\n<figure class=\"wp-block-image size-large\"><img loading=\"lazy\" width=\"1024\" height=\"498\" src=\"https:\/\/conseilcitoyen-koenigshoffen-est.fr\/wp-content\/uploads\/2021\/03\/1-1-1024x498.jpg\" alt=\"\" class=\"wp-image-78\" srcset=\"https:\/\/conseilcitoyen-koenigshoffen-est.fr\/wp-content\/uploads\/2021\/03\/1-1-1024x498.jpg 1024w, https:\/\/conseilcitoyen-koenigshoffen-est.fr\/wp-content\/uploads\/2021\/03\/1-1-300x146.jpg 300w, https:\/\/conseilcitoyen-koenigshoffen-est.fr\/wp-content\/uploads\/2021\/03\/1-1-768x373.jpg 768w, https:\/\/conseilcitoyen-koenigshoffen-est.fr\/wp-content\/uploads\/2021\/03\/1-1-1536x747.jpg 1536w, https:\/\/conseilcitoyen-koenigshoffen-est.fr\/wp-content\/uploads\/2021\/03\/1-1-2048x996.jpg 2048w, https:\/\/conseilcitoyen-koenigshoffen-est.fr\/wp-content\/uploads\/2021\/03\/1-1-1200x583.jpg 1200w, https:\/\/conseilcitoyen-koenigshoffen-est.fr\/wp-content\/uploads\/2021\/03\/1-1-1980x963.jpg 1980w\" sizes=\"(max-width: 1024px) 100vw, 1024px\" \/><\/figure>\n\n\n\n<figure class=\"wp-block-image size-large\"><img loading=\"lazy\" width=\"1024\" height=\"498\" src=\"http:\/\/conseilcitoyen-koenigshoffen-est.fr\/wp-content\/uploads\/2021\/03\/2-compresses-1024x498.jpg\" alt=\"\" class=\"wp-image-76\" srcset=\"https:\/\/conseilcitoyen-koenigshoffen-est.fr\/wp-content\/uploads\/2021\/03\/2-compresses-1024x498.jpg 1024w, https:\/\/conseilcitoyen-koenigshoffen-est.fr\/wp-content\/uploads\/2021\/03\/2-compresses-300x146.jpg 300w, https:\/\/conseilcitoyen-koenigshoffen-est.fr\/wp-content\/uploads\/2021\/03\/2-compresses-768x373.jpg 768w, https:\/\/conseilcitoyen-koenigshoffen-est.fr\/wp-content\/uploads\/2021\/03\/2-compresses-1536x747.jpg 1536w, https:\/\/conseilcitoyen-koenigshoffen-est.fr\/wp-content\/uploads\/2021\/03\/2-compresses-2048x996.jpg 2048w, https:\/\/conseilcitoyen-koenigshoffen-est.fr\/wp-content\/uploads\/2021\/03\/2-compresses-1200x583.jpg 1200w, https:\/\/conseilcitoyen-koenigshoffen-est.fr\/wp-content\/uploads\/2021\/03\/2-compresses-1980x963.jpg 1980w\" sizes=\"(max-width: 1024px) 100vw, 1024px\" \/><\/figure>\n\n\n\n<hr class=\"wp-block-separator\"\/>\n\n\n\n<p><a href=\"http:\/\/conseilcitoyen-koenigshoffen-est.fr\/wp-content\/uploads\/2020\/12\/CR-7-oct.pdf\">Conseil citoyen du 7 octobre 2020<\/a> (en pr\u00e9sence de M. Ozenne, adjoint \u00e0 la maire r\u00e9f\u00e9rent du quartier Koenighsoffen)<\/p>\n\n\n\n<figure class=\"wp-block-image size-large\"><img loading=\"lazy\" width=\"1024\" height=\"498\" src=\"http:\/\/conseilcitoyen-koenigshoffen-est.fr\/wp-content\/uploads\/2021\/03\/oct-Ozenne-1024x498.jpg\" alt=\"\" class=\"wp-image-82\" srcset=\"https:\/\/conseilcitoyen-koenigshoffen-est.fr\/wp-content\/uploads\/2021\/03\/oct-Ozenne-1024x498.jpg 1024w, https:\/\/conseilcitoyen-koenigshoffen-est.fr\/wp-content\/uploads\/2021\/03\/oct-Ozenne-300x146.jpg 300w, https:\/\/conseilcitoyen-koenigshoffen-est.fr\/wp-content\/uploads\/2021\/03\/oct-Ozenne-768x373.jpg 768w, https:\/\/conseilcitoyen-koenigshoffen-est.fr\/wp-content\/uploads\/2021\/03\/oct-Ozenne-1536x747.jpg 1536w, https:\/\/conseilcitoyen-koenigshoffen-est.fr\/wp-content\/uploads\/2021\/03\/oct-Ozenne-2048x996.jpg 2048w, https:\/\/conseilcitoyen-koenigshoffen-est.fr\/wp-content\/uploads\/2021\/03\/oct-Ozenne-1200x583.jpg 1200w, https:\/\/conseilcitoyen-koenigshoffen-est.fr\/wp-content\/uploads\/2021\/03\/oct-Ozenne-1980x963.jpg 1980w\" sizes=\"(max-width: 1024px) 100vw, 1024px\" \/><\/figure>\n\n\n\n<p><br><a rel=\"noreferrer noopener\" href=\"http:\/\/conseilcitoyen-koenigshoffen-est.fr\/wp-admin\/upload.php?item=42\" target=\"_blank\">Pr\u00e9sentation 2018<\/a><\/p>\n\n\n\n<p><\/p>\n\n\n\n<p><\/p>\n","protected":false},"excerpt":{"rendered":"<p>Vous pouvez consulter ici les compte-rendus des principales r\u00e9unions du Conseil Citoyen, et ainsi d\u00e9couvrir nos actions. Conseil citoyen du 19 novembre 2021 Conseil citoyen du 06 mars 2021 Conseil citoyen du 7 octobre 2020 (en pr\u00e9sence de M. Ozenne, adjoint \u00e0 la maire r\u00e9f\u00e9rent du quartier Koenighsoffen) Pr\u00e9sentation 2018<\/p>\n","protected":false},"author":1,"featured_media":0,"parent":0,"menu_order":0,"comment_status":"closed","ping_status":"closed","template":"","meta":[],"_links":{"self":[{"href":"https:\/\/conseilcitoyen-koenigshoffen-est.fr\/index.php?rest_route=\/wp\/v2\/pages\/34"}],"collection":[{"href":"https:\/\/conseilcitoyen-koenigshoffen-est.fr\/index.php?rest_route=\/wp\/v2\/pages"}],"about":[{"href":"https:\/\/conseilcitoyen-koenigshoffen-est.fr\/index.php?rest_route=\/wp\/v2\/types\/page"}],"author":[{"embeddable":true,"href":"https:\/\/conseilcitoyen-koenigshoffen-est.fr\/index.php?rest_route=\/wp\/v2\/users\/1"}],"replies":[{"embeddable":true,"href":"https:\/\/conseilcitoyen-koenigshoffen-est.fr\/index.php?rest_route=%2Fwp%2Fv2%2Fcomments&post=34"}],"version-history":[{"count":17,"href":"https:\/\/conseilcitoyen-koenigshoffen-est.fr\/index.php?rest_route=\/wp\/v2\/pages\/34\/revisions"}],"predecessor-version":[{"id":157,"href":"https:\/\/conseilcitoyen-koenigshoffen-est.fr\/index.php?rest_route=\/wp\/v2\/pages\/34\/revisions\/157"}],"wp:attachment":[{"href":"https:\/\/conseilcitoyen-koenigshoffen-est.fr\/index.php?rest_route=%2Fwp%2Fv2%2Fmedia&parent=34"}],"curies":[{"name":"wp","href":"https:\/\/api.w.org\/{rel}","templated":true}]}}